{"id":984,"date":"2024-07-31T13:45:24","date_gmt":"2024-07-31T13:45:24","guid":{"rendered":"https:\/\/fsec.ch\/website_2024\/ressourcen\/"},"modified":"2025-09-17T11:45:22","modified_gmt":"2025-09-17T11:45:22","slug":"ressourcen","status":"publish","type":"page","link":"https:\/\/fsec.ch\/de\/ressourcen\/","title":{"rendered":"Ressourcen"},"content":{"rendered":"<p>[et_pb_section fb_built=&#8220;1&#8243; module_id=&#8220;Vorlagen&#8220; _builder_version=&#8220;4.27.0&#8243; _module_preset=&#8220;default&#8220; background_color=&#8220;#FF5151&#8243; custom_padding=&#8220;||0px||false|false&#8220; global_colors_info=&#8220;{}&#8220;][et_pb_row column_structure=&#8220;1_5,1_5,1_5,1_5,1_5&#8243; _builder_version=&#8220;4.27.0&#8243; _module_preset=&#8220;default&#8220; global_colors_info=&#8220;{}&#8220;][et_pb_column type=&#8220;1_5&#8243; _builder_version=&#8220;4.27.0&#8243; _module_preset=&#8220;default&#8220; global_colors_info=&#8220;{}&#8220;][et_pb_text _builder_version=&#8220;4.27.0&#8243; _module_preset=&#8220;default&#8220; header_2_font_size=&#8220;50px&#8220; header_2_font_size_tablet=&#8220;40px&#8220; header_2_font_size_phone=&#8220;30px&#8220; header_2_font_size_last_edited=&#8220;on|desktop&#8220; global_colors_info=&#8220;{}&#8220;]<\/p>\n<h2>Vorlagen<\/h2>\n<p>[\/et_pb_text][\/et_pb_column][et_pb_column type=&#8220;1_5&#8243; _builder_version=&#8220;4.27.0&#8243; _module_preset=&#8220;default&#8220; global_colors_info=&#8220;{}&#8220;][et_pb_text _builder_version=&#8220;4.27.0&#8243; _module_preset=&#8220;default&#8220; custom_margin=&#8220;||10px||false|false&#8220; custom_padding=&#8220;||1px||false|false&#8220; global_colors_info=&#8220;{}&#8220;]<\/p>\n<h3>N\u00fctzliche Ressourcen<\/h3>\n<p>[\/et_pb_text][et_pb_text _builder_version=&#8220;4.27.0&#8243; _dynamic_attributes=&#8220;link_option_url&#8220; _module_preset=&#8220;default&#8220; custom_margin=&#8220;||10px||false|false&#8220; custom_padding=&#8220;||1px||false|false&#8220; link_option_url=&#8220;@ET-DC@eyJkeW5hbWljIjp0cnVlLCJjb250ZW50IjoicG9zdF9saW5rX3VybF9hdHRhY2htZW50Iiwic2V0dGluZ3MiOnsicG9zdF9pZCI6IjcwMSJ9fQ==@&#8220; global_colors_info=&#8220;{}&#8220;]<\/p>\n<p>SUVA &#8211; Event-Rigging<\/p>\n<p>[\/et_pb_text][et_pb_text _builder_version=&#8220;4.27.0&#8243; _dynamic_attributes=&#8220;link_option_url&#8220; _module_preset=&#8220;default&#8220; custom_margin=&#8220;||10px||false|false&#8220; custom_padding=&#8220;||1px||false|false&#8220; link_option_url=&#8220;@ET-DC@eyJkeW5hbWljIjp0cnVlLCJjb250ZW50IjoicG9zdF9saW5rX3VybF9hdHRhY2htZW50Iiwic2V0dGluZ3MiOnsicG9zdF9pZCI6IjcwMiJ9fQ==@&#8220; global_colors_info=&#8220;{}&#8220;]<\/p>\n<p>Praktischer Leitfaden f\u00fcr den Aufbau von Festzelten<\/p>\n<p>[\/et_pb_text][\/et_pb_column][et_pb_column type=&#8220;1_5&#8243; _builder_version=&#8220;4.27.0&#8243; _module_preset=&#8220;default&#8220; global_colors_info=&#8220;{}&#8220;][et_pb_text _builder_version=&#8220;4.27.0&#8243; _module_preset=&#8220;default&#8220; custom_margin=&#8220;||10px||false|false&#8220; custom_padding=&#8220;||1px||false|false&#8220; global_colors_info=&#8220;{}&#8220;]<\/p>\n<h3>GV-Protokolle<\/h3>\n<p>[\/et_pb_text][et_pb_text _builder_version=&#8220;4.27.0&#8243; _dynamic_attributes=&#8220;link_option_url&#8220; _module_preset=&#8220;default&#8220; custom_margin=&#8220;||10px||false|false&#8220; custom_padding=&#8220;||1px||false|false&#8220; link_option_url=&#8220;@ET-DC@eyJkeW5hbWljIjp0cnVlLCJjb250ZW50IjoicG9zdF9saW5rX3VybF9hdHRhY2htZW50Iiwic2V0dGluZ3MiOnsicG9zdF9pZCI6IjY4MiJ9fQ==@&#8220; global_colors_info=&#8220;{}&#8220;]<\/p>\n<p>Protokoll 2015<\/p>\n<p>[\/et_pb_text][et_pb_text _builder_version=&#8220;4.27.0&#8243; _dynamic_attributes=&#8220;link_option_url&#8220; _module_preset=&#8220;default&#8220; custom_margin=&#8220;||10px||false|false&#8220; custom_padding=&#8220;||1px||false|false&#8220; link_option_url=&#8220;@ET-DC@eyJkeW5hbWljIjp0cnVlLCJjb250ZW50IjoicG9zdF9saW5rX3VybF9hdHRhY2htZW50Iiwic2V0dGluZ3MiOnsicG9zdF9pZCI6IjY4MSJ9fQ==@&#8220; global_colors_info=&#8220;{}&#8220;]<\/p>\n<p>Protokoll 2016<\/p>\n<p>[\/et_pb_text][et_pb_text _builder_version=&#8220;4.27.0&#8243; _dynamic_attributes=&#8220;link_option_url&#8220; _module_preset=&#8220;default&#8220; custom_margin=&#8220;||10px||false|false&#8220; custom_padding=&#8220;||1px||false|false&#8220; link_option_url=&#8220;@ET-DC@eyJkeW5hbWljIjp0cnVlLCJjb250ZW50IjoicG9zdF9saW5rX3VybF9hdHRhY2htZW50Iiwic2V0dGluZ3MiOnsicG9zdF9pZCI6IjY3OSJ9fQ==@&#8220; global_colors_info=&#8220;{}&#8220;]<\/p>\n<p>Protokoll 2018<\/p>\n<p>[\/et_pb_text][et_pb_text _builder_version=&#8220;4.27.0&#8243; _dynamic_attributes=&#8220;link_option_url&#8220; _module_preset=&#8220;default&#8220; custom_margin=&#8220;||10px||false|false&#8220; custom_padding=&#8220;||1px||false|false&#8220; link_option_url=&#8220;@ET-DC@eyJkeW5hbWljIjp0cnVlLCJjb250ZW50IjoicG9zdF9saW5rX3VybF9hdHRhY2htZW50Iiwic2V0dGluZ3MiOnsicG9zdF9pZCI6IjY3OCJ9fQ==@&#8220; global_colors_info=&#8220;{}&#8220;]<\/p>\n<p>Protokoll 2019<\/p>\n<p>[\/et_pb_text][et_pb_text _builder_version=&#8220;4.27.0&#8243; _dynamic_attributes=&#8220;link_option_url&#8220; _module_preset=&#8220;default&#8220; custom_margin=&#8220;||10px||false|false&#8220; custom_padding=&#8220;||1px||false|false&#8220; link_option_url=&#8220;@ET-DC@eyJkeW5hbWljIjp0cnVlLCJjb250ZW50IjoicG9zdF9saW5rX3VybF9hdHRhY2htZW50Iiwic2V0dGluZ3MiOnsicG9zdF9pZCI6IjY3NyJ9fQ==@&#8220; global_colors_info=&#8220;{}&#8220;]<\/p>\n<p>Protokoll 2020<\/p>\n<p>[\/et_pb_text][et_pb_text _builder_version=&#8220;4.27.0&#8243; _dynamic_attributes=&#8220;link_option_url&#8220; _module_preset=&#8220;default&#8220; custom_margin=&#8220;||10px||false|false&#8220; custom_padding=&#8220;||1px||false|false&#8220; link_option_url=&#8220;@ET-DC@eyJkeW5hbWljIjp0cnVlLCJjb250ZW50IjoicG9zdF9saW5rX3VybF9hdHRhY2htZW50Iiwic2V0dGluZ3MiOnsicG9zdF9pZCI6IjY3NSJ9fQ==@&#8220; global_colors_info=&#8220;{}&#8220;]<\/p>\n<p>Protokoll 2022<\/p>\n<p>[\/et_pb_text][et_pb_text _builder_version=&#8220;4.27.4&#8243; _dynamic_attributes=&#8220;link_option_url&#8220; _module_preset=&#8220;default&#8220; custom_margin=&#8220;||10px||false|false&#8220; custom_padding=&#8220;||1px||false|false&#8220; link_option_url=&#8220;@ET-DC@eyJkeW5hbWljIjp0cnVlLCJjb250ZW50IjoicG9zdF9saW5rX3VybF9hdHRhY2htZW50Iiwic2V0dGluZ3MiOnsicG9zdF9pZCI6IjE1MjIifX0=@&#8220; global_colors_info=&#8220;{}&#8220;]<\/p>\n<p>Protokoll 2023<\/p>\n<p>[\/et_pb_text][et_pb_text _builder_version=&#8220;4.27.4&#8243; _dynamic_attributes=&#8220;link_option_url&#8220; _module_preset=&#8220;default&#8220; custom_margin=&#8220;||10px||false|false&#8220; custom_padding=&#8220;||1px||false|false&#8220; link_option_url=&#8220;@ET-DC@eyJkeW5hbWljIjp0cnVlLCJjb250ZW50IjoicG9zdF9saW5rX3VybF9hdHRhY2htZW50Iiwic2V0dGluZ3MiOnsicG9zdF9pZCI6IjE1MzQifX0=@&#8220; global_colors_info=&#8220;{}&#8220;]<\/p>\n<p>Protokoll 2024<\/p>\n<p>[\/et_pb_text][et_pb_text _builder_version=&#8220;4.27.4&#8243; _dynamic_attributes=&#8220;link_option_url&#8220; _module_preset=&#8220;default&#8220; custom_margin=&#8220;||10px||false|false&#8220; custom_padding=&#8220;||1px||false|false&#8220; link_option_url=&#8220;@ET-DC@eyJkeW5hbWljIjp0cnVlLCJjb250ZW50IjoicG9zdF9saW5rX3VybF9hdHRhY2htZW50Iiwic2V0dGluZ3MiOnsicG9zdF9pZCI6IjE1MzEifX0=@&#8220; global_colors_info=&#8220;{}&#8220;]<\/p>\n<p>Protokoll 2024 (ausserord. GV)<\/p>\n<p>[\/et_pb_text][et_pb_text _builder_version=&#8220;4.27.4&#8243; _dynamic_attributes=&#8220;link_option_url&#8220; _module_preset=&#8220;default&#8220; custom_margin=&#8220;||10px||false|false&#8220; custom_padding=&#8220;||1px||false|false&#8220; link_option_url=&#8220;@ET-DC@eyJkeW5hbWljIjp0cnVlLCJjb250ZW50IjoicG9zdF9saW5rX3VybF9hdHRhY2htZW50Iiwic2V0dGluZ3MiOnsicG9zdF9pZCI6IjE1NDAifX0=@&#8220; global_colors_info=&#8220;{}&#8220;]<\/p>\n<p>Protokoll 2025<\/p>\n<p>[\/et_pb_text][\/et_pb_column][et_pb_column type=&#8220;1_5&#8243; _builder_version=&#8220;4.27.0&#8243; _module_preset=&#8220;default&#8220; global_colors_info=&#8220;{}&#8220;][et_pb_text _builder_version=&#8220;4.27.0&#8243; _module_preset=&#8220;default&#8220; custom_margin=&#8220;||10px||false|false&#8220; custom_padding=&#8220;||1px||false|false&#8220; global_colors_info=&#8220;{}&#8220;]<\/p>\n<h3>Jahresberichte<\/h3>\n<p>[\/et_pb_text][et_pb_text _builder_version=&#8220;4.27.0&#8243; _dynamic_attributes=&#8220;link_option_url&#8220; _module_preset=&#8220;default&#8220; custom_margin=&#8220;||10px||false|false&#8220; custom_padding=&#8220;||1px||false|false&#8220; link_option_url=&#8220;@ET-DC@eyJkeW5hbWljIjp0cnVlLCJjb250ZW50IjoicG9zdF9saW5rX3VybF9hdHRhY2htZW50Iiwic2V0dGluZ3MiOnsicG9zdF9pZCI6IjY5MCJ9fQ==@&#8220; global_colors_info=&#8220;{}&#8220;]<\/p>\n<p>Jahresbericht 2015<\/p>\n<p>[\/et_pb_text][et_pb_text _builder_version=&#8220;4.27.0&#8243; _dynamic_attributes=&#8220;link_option_url&#8220; _module_preset=&#8220;default&#8220; custom_margin=&#8220;||10px||false|false&#8220; custom_padding=&#8220;||1px||false|false&#8220; link_option_url=&#8220;@ET-DC@eyJkeW5hbWljIjp0cnVlLCJjb250ZW50IjoicG9zdF9saW5rX3VybF9hdHRhY2htZW50Iiwic2V0dGluZ3MiOnsicG9zdF9pZCI6IjY4OSJ9fQ==@&#8220; global_colors_info=&#8220;{}&#8220;]<\/p>\n<p>Jahresbericht 2016<\/p>\n<p>[\/et_pb_text][et_pb_text _builder_version=&#8220;4.27.0&#8243; _dynamic_attributes=&#8220;link_option_url&#8220; _module_preset=&#8220;default&#8220; custom_margin=&#8220;||10px||false|false&#8220; custom_padding=&#8220;||1px||false|false&#8220; link_option_url=&#8220;@ET-DC@eyJkeW5hbWljIjp0cnVlLCJjb250ZW50IjoicG9zdF9saW5rX3VybF9hdHRhY2htZW50Iiwic2V0dGluZ3MiOnsicG9zdF9pZCI6IjY4NyJ9fQ==@&#8220; global_colors_info=&#8220;{}&#8220;]<\/p>\n<p>Jahresbericht 2018<\/p>\n<p>[\/et_pb_text][et_pb_text _builder_version=&#8220;4.27.0&#8243; _dynamic_attributes=&#8220;link_option_url&#8220; _module_preset=&#8220;default&#8220; custom_margin=&#8220;||10px||false|false&#8220; custom_padding=&#8220;||1px||false|false&#8220; link_option_url=&#8220;@ET-DC@eyJkeW5hbWljIjp0cnVlLCJjb250ZW50IjoicG9zdF9saW5rX3VybF9hdHRhY2htZW50Iiwic2V0dGluZ3MiOnsicG9zdF9pZCI6IjY5MCJ9fQ==@&#8220; global_colors_info=&#8220;{}&#8220;]<\/p>\n<p>Jahresbericht 2021<\/p>\n<p>[\/et_pb_text][et_pb_text _builder_version=&#8220;4.27.4&#8243; _dynamic_attributes=&#8220;link_option_url&#8220; _module_preset=&#8220;default&#8220; custom_margin=&#8220;||10px||false|false&#8220; custom_padding=&#8220;||1px||false|false&#8220; link_option_url=&#8220;@ET-DC@eyJkeW5hbWljIjp0cnVlLCJjb250ZW50IjoicG9zdF9saW5rX3VybF9hdHRhY2htZW50Iiwic2V0dGluZ3MiOnsicG9zdF9pZCI6IjE1MjUifX0=@&#8220; global_colors_info=&#8220;{}&#8220;]<\/p>\n<p>Jahresbericht 2022<\/p>\n<p>[\/et_pb_text][et_pb_text _builder_version=&#8220;4.27.4&#8243; _dynamic_attributes=&#8220;link_option_url&#8220; _module_preset=&#8220;default&#8220; custom_margin=&#8220;||10px||false|false&#8220; custom_padding=&#8220;||1px||false|false&#8220; link_option_url=&#8220;@ET-DC@eyJkeW5hbWljIjp0cnVlLCJjb250ZW50IjoicG9zdF9saW5rX3VybF9hdHRhY2htZW50Iiwic2V0dGluZ3MiOnsicG9zdF9pZCI6IjE1MjgifX0=@&#8220; global_colors_info=&#8220;{}&#8220;]<\/p>\n<p>Jahresbericht 2023<\/p>\n<p>[\/et_pb_text][et_pb_text _builder_version=&#8220;4.27.4&#8243; _dynamic_attributes=&#8220;link_option_url&#8220; _module_preset=&#8220;default&#8220; custom_margin=&#8220;||10px||false|false&#8220; custom_padding=&#8220;||1px||false|false&#8220; link_option_url=&#8220;@ET-DC@eyJkeW5hbWljIjp0cnVlLCJjb250ZW50IjoicG9zdF9saW5rX3VybF9hdHRhY2htZW50Iiwic2V0dGluZ3MiOnsicG9zdF9pZCI6IjE1MzcifX0=@&#8220; global_colors_info=&#8220;{}&#8220;]<\/p>\n<p>Jahresbericht 2024<\/p>\n<p>[\/et_pb_text][\/et_pb_column][et_pb_column type=&#8220;1_5&#8243; _builder_version=&#8220;4.27.0&#8243; _module_preset=&#8220;default&#8220; global_colors_info=&#8220;{}&#8220;][et_pb_text _builder_version=&#8220;4.27.4&#8243; _module_preset=&#8220;default&#8220; custom_margin=&#8220;||10px||false|false&#8220; custom_padding=&#8220;||1px||false|false&#8220; global_colors_info=&#8220;{}&#8220;]<\/p>\n<h3>Jahresrechnungen<\/h3>\n<p>[\/et_pb_text][et_pb_text _builder_version=&#8220;4.27.4&#8243; _dynamic_attributes=&#8220;link_option_url&#8220; _module_preset=&#8220;default&#8220; custom_margin=&#8220;||10px||false|false&#8220; custom_padding=&#8220;||1px||false|false&#8220; link_option_url=&#8220;@ET-DC@eyJkeW5hbWljIjp0cnVlLCJjb250ZW50IjoicG9zdF9saW5rX3VybF9hdHRhY2htZW50Iiwic2V0dGluZ3MiOnsicG9zdF9pZCI6IjE1NTkifX0=@&#8220; global_colors_info=&#8220;{}&#8220;]<\/p>\n<p>Jahresrechnung 2018<\/p>\n<p>[\/et_pb_text][et_pb_text _builder_version=&#8220;4.27.4&#8243; _dynamic_attributes=&#8220;link_option_url&#8220; _module_preset=&#8220;default&#8220; custom_margin=&#8220;||10px||false|false&#8220; custom_padding=&#8220;||1px||false|false&#8220; link_option_url=&#8220;@ET-DC@eyJkeW5hbWljIjp0cnVlLCJjb250ZW50IjoicG9zdF9saW5rX3VybF9hdHRhY2htZW50Iiwic2V0dGluZ3MiOnsicG9zdF9pZCI6IjE1NTYifX0=@&#8220; global_colors_info=&#8220;{}&#8220;]<\/p>\n<p>Jahresrechnung 2020<\/p>\n<p>[\/et_pb_text][et_pb_text _builder_version=&#8220;4.27.4&#8243; _dynamic_attributes=&#8220;link_option_url&#8220; _module_preset=&#8220;default&#8220; custom_margin=&#8220;||10px||false|false&#8220; custom_padding=&#8220;||1px||false|false&#8220; link_option_url=&#8220;@ET-DC@eyJkeW5hbWljIjp0cnVlLCJjb250ZW50IjoicG9zdF9saW5rX3VybF9hdHRhY2htZW50Iiwic2V0dGluZ3MiOnsicG9zdF9pZCI6IjE1NTMifX0=@&#8220; global_colors_info=&#8220;{}&#8220;]<\/p>\n<p>Jahresrechnung 2021<\/p>\n<p>[\/et_pb_text][et_pb_text _builder_version=&#8220;4.27.4&#8243; _dynamic_attributes=&#8220;link_option_url&#8220; _module_preset=&#8220;default&#8220; custom_margin=&#8220;||10px||false|false&#8220; custom_padding=&#8220;||1px||false|false&#8220; link_option_url=&#8220;@ET-DC@eyJkeW5hbWljIjp0cnVlLCJjb250ZW50IjoicG9zdF9saW5rX3VybF9hdHRhY2htZW50Iiwic2V0dGluZ3MiOnsicG9zdF9pZCI6IjE1NTAifX0=@&#8220; global_colors_info=&#8220;{}&#8220;]<\/p>\n<p>Jahresrechnung 2022<\/p>\n<p>[\/et_pb_text][et_pb_text _builder_version=&#8220;4.27.4&#8243; _dynamic_attributes=&#8220;link_option_url&#8220; _module_preset=&#8220;default&#8220; custom_margin=&#8220;||10px||false|false&#8220; custom_padding=&#8220;||1px||false|false&#8220; link_option_url=&#8220;@ET-DC@eyJkeW5hbWljIjp0cnVlLCJjb250ZW50IjoicG9zdF9saW5rX3VybF9hdHRhY2htZW50Iiwic2V0dGluZ3MiOnsicG9zdF9pZCI6IjE1NDYifX0=@&#8220; global_colors_info=&#8220;{}&#8220;]<\/p>\n<p>Jahresrechnung 2023<\/p>\n<p>[\/et_pb_text][et_pb_text _builder_version=&#8220;4.27.4&#8243; _dynamic_attributes=&#8220;link_option_url&#8220; _module_preset=&#8220;default&#8220; custom_margin=&#8220;||10px||false|false&#8220; custom_padding=&#8220;||1px||false|false&#8220; link_option_url=&#8220;@ET-DC@eyJkeW5hbWljIjp0cnVlLCJjb250ZW50IjoicG9zdF9saW5rX3VybF9hdHRhY2htZW50Iiwic2V0dGluZ3MiOnsicG9zdF9pZCI6IjE1NDMifX0=@&#8220; global_colors_info=&#8220;{}&#8220;]<\/p>\n<p>Jahresrechnung 2024<\/p>\n<p>[\/et_pb_text][\/et_pb_column][\/et_pb_row][et_pb_row column_structure=&#8220;1_4,1_4,1_4,1_4&#8243; module_id=&#8220;liens&#8220; _builder_version=&#8220;4.27.0&#8243; _module_preset=&#8220;default&#8220; global_colors_info=&#8220;{}&#8220;][et_pb_column type=&#8220;1_4&#8243; _builder_version=&#8220;4.27.0&#8243; _module_preset=&#8220;default&#8220; global_colors_info=&#8220;{}&#8220;][et_pb_text _builder_version=&#8220;4.27.0&#8243; _module_preset=&#8220;default&#8220; header_2_font_size=&#8220;50px&#8220; header_2_font_size_tablet=&#8220;40px&#8220; header_2_font_size_phone=&#8220;30px&#8220; header_2_font_size_last_edited=&#8220;on|desktop&#8220; global_colors_info=&#8220;{}&#8220;]<\/p>\n<h2>N\u00fctzliche Links<\/h2>\n<p>[\/et_pb_text][\/et_pb_column][et_pb_column type=&#8220;1_4&#8243; _builder_version=&#8220;4.27.0&#8243; _module_preset=&#8220;default&#8220; global_colors_info=&#8220;{}&#8220;][et_pb_text _builder_version=&#8220;4.27.4&#8243; _module_preset=&#8220;default&#8220; custom_margin=&#8220;||10px||false|false&#8220; custom_padding=&#8220;||1px||false|false&#8220; link_option_url=&#8220;https:\/\/www.fedec.eu\/en\/speak-out\/toolbox&#8220; link_option_url_new_window=&#8220;on&#8220; global_colors_info=&#8220;{}&#8220;]<\/p>\n<p class=\"p1\"><span class=\"s1\"><strong>SPEAKOUT<\/strong> &#8211; Das <span>europ\u00e4ische Programm f\u00fcr einen &#8222;Safer Circus&#8220;.<\/span><\/span><\/p>\n<p>[\/et_pb_text][et_pb_text _builder_version=&#8220;4.27.0&#8243; _module_preset=&#8220;default&#8220; custom_margin=&#8220;||10px||false|false&#8220; custom_padding=&#8220;||1px||false|false&#8220; link_option_url=&#8220;https:\/\/www.artcena.fr\/fil-vie-pro\/publication-de-deux-guides-sur-la-mobilite-internationale&#8220; link_option_url_new_window=&#8220;on&#8220; global_colors_info=&#8220;{}&#8220;]<\/p>\n<p class=\"p1\"><span class=\"s1\"><strong>ARTCENA<\/strong> &#8211; Nationales franz\u00f6sisches Zentrum f\u00fcr Zirkus-, Strassen- und Theaterkunst<\/span><\/p>\n<p>[\/et_pb_text][et_pb_text _builder_version=&#8220;4.27.0&#8243; _module_preset=&#8220;default&#8220; custom_margin=&#8220;||10px||false|false&#8220; custom_padding=&#8220;||1px||false|false&#8220; link_option_url=&#8220;https:\/\/www.circostrada.org\/fr\/ressources\/guide-pratique-diffuser-accueillir-financer&#8220; link_option_url_new_window=&#8220;on&#8220; global_colors_info=&#8220;{}&#8220;]<\/p>\n<p class=\"p1\"><span class=\"s1\"><strong>CIRCOSTRADA<\/strong> &#8211; Europ\u00e4isches Netzwerk f\u00fcr zeitgen\u00f6ssischen Zirkus und Strassenkunst<\/span><\/p>\n<p>[\/et_pb_text][et_pb_text _builder_version=&#8220;4.27.0&#8243; _module_preset=&#8220;default&#8220; custom_margin=&#8220;||10px||false|false&#8220; custom_padding=&#8220;||1px||false|false&#8220; link_option_url=&#8220;https:\/\/procirque.ch\/&#8220; link_option_url_new_window=&#8220;on&#8220; global_colors_info=&#8220;{}&#8220;]<\/p>\n<p class=\"p1\"><span class=\"s1\"><strong>ProCirque<\/strong> &#8211; Verband der Zirkusschaffenden der Schweiz<\/span><\/p>\n<p>[\/et_pb_text][et_pb_text _builder_version=&#8220;4.27.0&#8243; _module_preset=&#8220;default&#8220; custom_margin=&#8220;||10px||false|false&#8220; custom_padding=&#8220;||1px||false|false&#8220; link_option_url=&#8220;https:\/\/notrehistoire.ch\/galleries\/cirques-en-suisse&#8220; link_option_url_new_window=&#8220;on&#8220; global_colors_info=&#8220;{}&#8220;]<\/p>\n<p class=\"p1\"><span class=\"s1\"><strong>Der Zirkus in der Schweiz<\/strong> &#8211; Presseschau Notre Histoire<\/span><\/p>\n<p>[\/et_pb_text][\/et_pb_column][et_pb_column type=&#8220;1_4&#8243; _builder_version=&#8220;4.27.0&#8243; _module_preset=&#8220;default&#8220; global_colors_info=&#8220;{}&#8220;][et_pb_text _builder_version=&#8220;4.27.0&#8243; _module_preset=&#8220;default&#8220; custom_margin=&#8220;||10px||false|false&#8220; custom_padding=&#8220;||1px||false|false&#8220; global_colors_info=&#8220;{}&#8220;]<\/p>\n<h3 class=\"p1\"><span class=\"s1\">Festivals<\/span><\/h3>\n<p>[\/et_pb_text][et_pb_text _builder_version=&#8220;4.27.0&#8243; _module_preset=&#8220;default&#8220; custom_margin=&#8220;||10px||false|false&#8220; custom_padding=&#8220;||1px||false|false&#8220; link_option_url=&#8220;https:\/\/zirkusquartier.ch\/festival-zirqus\/&#8220; link_option_url_new_window=&#8220;on&#8220; global_colors_info=&#8220;{}&#8220;]<\/p>\n<p class=\"p1\"><span class=\"s1\"><strong>ZirQus<\/strong> (Z\u00fcrich)<\/span><\/p>\n<p>[\/et_pb_text][et_pb_text _builder_version=&#8220;4.27.0&#8243; _module_preset=&#8220;default&#8220; custom_margin=&#8220;||10px||false|false&#8220; custom_padding=&#8220;||1px||false|false&#8220; link_option_url=&#8220;https:\/\/www.young-stage.com\/open-air\/&#8220; link_option_url_new_window=&#8220;on&#8220; global_colors_info=&#8220;{}&#8220;]<\/p>\n<p class=\"p1\"><span class=\"s1\"><b>Young Stage<\/b> \u2013 International Circus festival (Basel)<\/span><\/p>\n<p>[\/et_pb_text][et_pb_text _builder_version=&#8220;4.27.4&#8243; _module_preset=&#8220;default&#8220; custom_margin=&#8220;||10px||false|false&#8220; custom_padding=&#8220;||1px||false|false&#8220; link_option_url=&#8220;https:\/\/www.cirquaarau.ch\/&#8220; link_option_url_new_window=&#8220;on&#8220; global_colors_info=&#8220;{}&#8220;]<\/p>\n<p class=\"p1\"><span class=\"s1\"><b>Cirq&#8216;<\/b> \u2013 Festival f\u00fcr aktuelle Zirkuskunst (Aarau)<\/span><\/p>\n<p>[\/et_pb_text][\/et_pb_column][et_pb_column type=&#8220;1_4&#8243; _builder_version=&#8220;4.27.0&#8243; _module_preset=&#8220;default&#8220; global_colors_info=&#8220;{}&#8220;][et_pb_text _builder_version=&#8220;4.27.0&#8243; _module_preset=&#8220;default&#8220; custom_margin=&#8220;||10px||false|false&#8220; custom_padding=&#8220;||1px||false|false&#8220; global_colors_info=&#8220;{}&#8220;]<\/p>\n<h3>Aufstrebende Zirkusorte<\/h3>\n<p>[\/et_pb_text][et_pb_text _builder_version=&#8220;4.27.0&#8243; _module_preset=&#8220;default&#8220; custom_margin=&#8220;||10px||false|false&#8220; custom_padding=&#8220;||1px||false|false&#8220; link_option_url=&#8220;https:\/\/zirkusquartier.ch\/&#8220; link_option_url_new_window=&#8220;on&#8220; global_colors_info=&#8220;{}&#8220;]<\/p>\n<p class=\"p1\"><span class=\"s1\"><strong>Zirkusquartier<\/strong> Z\u00fcrich<\/span><\/p>\n<p>[\/et_pb_text][et_pb_text _builder_version=&#8220;4.27.0&#8243; _module_preset=&#8220;default&#8220; custom_margin=&#8220;||10px||false|false&#8220; custom_padding=&#8220;||1px||false|false&#8220; link_option_url=&#8220;https:\/\/www.stationcircus.ch\/&#8220; link_option_url_new_window=&#8220;on&#8220; global_colors_info=&#8220;{}&#8220;]<\/p>\n<p class=\"p1\"><span class=\"s1\"><b>Station Circus <\/b>Basel<\/span><\/p>\n<p>[\/et_pb_text][et_pb_text _builder_version=&#8220;4.27.4&#8243; _module_preset=&#8220;default&#8220; custom_margin=&#8220;||10px||false|false&#8220; custom_padding=&#8220;||1px||false|false&#8220; link_option_url=&#8220;https:\/\/www.circobello.ch&#8220; link_option_url_new_window=&#8220;on&#8220; global_colors_info=&#8220;{}&#8220;]<\/p>\n<p class=\"p1\"><span class=\"s1\"><b>Circo Bello <\/b>La Chaux-de-Fonds<\/span><\/p>\n<p>[\/et_pb_text][\/et_pb_column][\/et_pb_row][\/et_pb_section][et_pb_section fb_built=&#8220;1&#8243; fullwidth=&#8220;on&#8220; _builder_version=&#8220;4.27.0&#8243; _module_preset=&#8220;default&#8220; background_color=&#8220;#FF5151&#8243; background_enable_image=&#8220;off&#8220; custom_margin=&#8220;||||false|false&#8220; custom_padding=&#8220;||||false|false&#8220; custom_css_main_element=&#8220;background-attachment:fixed;&#8220; global_colors_info=&#8220;{}&#8220;][et_pb_fullwidth_image src=&#8220;https:\/\/fsec.ch\/\/wp-content\/uploads\/2024\/07\/shape_yellow_big_top_01-1.png&#8220; title_text=&#8220;shape_yellow_big_top_01&#8243; _builder_version=&#8220;4.27.0&#8243; _module_preset=&#8220;default&#8220; z_index=&#8220;499&#8243; custom_margin=&#8220;||||false|false&#8220; global_colors_info=&#8220;{}&#8220;][\/et_pb_fullwidth_image][\/et_pb_section][et_pb_section fb_built=&#8220;1&#8243; _builder_version=&#8220;4.27.0&#8243; _module_preset=&#8220;default&#8220; background_color=&#8220;#dcff00&#8243; custom_padding=&#8220;||250px||false|false&#8220; top_divider_height=&#8220;350px&#8220; top_divider_repeat=&#8220;1x&#8220; bottom_divider_style=&#8220;wave&#8220; bottom_divider_color=&#8220;#000000&#8243; bottom_divider_height=&#8220;245px&#8220; bottom_divider_flip=&#8220;horizontal&#8220; global_colors_info=&#8220;{}&#8220;][et_pb_row _builder_version=&#8220;4.27.0&#8243; _module_preset=&#8220;default&#8220; global_colors_info=&#8220;{}&#8220;][et_pb_column type=&#8220;4_4&#8243; _builder_version=&#8220;4.27.0&#8243; _module_preset=&#8220;default&#8220; global_colors_info=&#8220;{}&#8220;][et_pb_text _builder_version=&#8220;4.27.0&#8243; _module_preset=&#8220;default&#8220; custom_margin=&#8220;||||false|false&#8220; scroll_horizontal_motion_enable=&#8220;on&#8220; scroll_horizontal_motion=&#8220;0|50|50|100|2|0|-2&#8243; global_colors_info=&#8220;{}&#8220;]<\/p>\n<h2 style=\"text-align: center;\">Eine Frage?<\/h2>\n<p>[\/et_pb_text][\/et_pb_column][\/et_pb_row][et_pb_row column_structure=&#8220;1_2,1_2&#8243; _builder_version=&#8220;4.27.0&#8243; _module_preset=&#8220;default&#8220; custom_margin=&#8220;||||false|false&#8220; custom_padding=&#8220;0px||||false|false&#8220; global_colors_info=&#8220;{}&#8220;][et_pb_column type=&#8220;1_2&#8243; _builder_version=&#8220;4.27.0&#8243; _module_preset=&#8220;default&#8220; global_colors_info=&#8220;{}&#8220;][et_pb_text _builder_version=&#8220;4.27.0&#8243; _module_preset=&#8220;default&#8220; text_font_size=&#8220;26px&#8220; text_line_height=&#8220;1.4em&#8220; global_colors_info=&#8220;{}&#8220;]<\/p>\n<p class=\"p1\"><b>Wir stehen ihr zur Verf\u00fcgung um mit ihr offen auszutauschen. Wenn ihr Fragen oder Bedenken habt, oder wollt einfach mehr \u00fcber den Verband Schweizerischer Zirkusschulen erfahren m\u00f6chten, nehmt ihr doch Kontakt mit uns auf !<\/b><\/p>\n<p>[\/et_pb_text][\/et_pb_column][et_pb_column type=&#8220;1_2&#8243; _builder_version=&#8220;4.27.0&#8243; _module_preset=&#8220;default&#8220; global_colors_info=&#8220;{}&#8220;][et_pb_button button_url=&#8220;@ET-DC@eyJkeW5hbWljIjp0cnVlLCJjb250ZW50IjoicG9zdF9saW5rX3VybF9wYWdlIiwic2V0dGluZ3MiOnsicG9zdF9pZCI6IjYyNCJ9fQ==@&#8220; button_text=&#8220;Kontakt aufnehmen&#8220; _builder_version=&#8220;4.27.4&#8243; _dynamic_attributes=&#8220;button_url&#8220; _module_preset=&#8220;default&#8220; hover_enabled=&#8220;0&#8243; global_colors_info=&#8220;{}&#8220; sticky_enabled=&#8220;0&#8243;][\/et_pb_button][\/et_pb_column][\/et_pb_row][\/et_pb_section]<\/p>\n","protected":false},"excerpt":{"rendered":"<p>VorlagenN\u00fctzliche RessourcenSUVA &#8211; Event-RiggingPraktischer Leitfaden f\u00fcr den Aufbau von FestzeltenGV-ProtokolleProtokoll 2015Protokoll 2016Protokoll 2018Protokoll 2019Protokoll 2020Protokoll 2022Protokoll 2023Protokoll 2024Protokoll 2024 (ausserord. GV)Protokoll 2025JahresberichteJahresbericht 2015Jahresbericht 2016Jahresbericht 2018Jahresbericht 2021Jahresbericht 2022Jahresbericht 2023Jahresbericht 2024JahresrechnungenJahresrechnung 2018Jahresrechnung 2020Jahresrechnung 2021Jahresrechnung 2022Jahresrechnung 2023Jahresrechnung 2024N\u00fctzliche LinksSPEAKOUT &#8211; Das europ\u00e4ische Programm f\u00fcr einen &#8222;Safer Circus&#8220;.ARTCENA &#8211; Nationales franz\u00f6sisches Zentrum f\u00fcr Zirkus-, Strassen- und TheaterkunstCIRCOSTRADA &#8211; Europ\u00e4isches [&hellip;]<\/p>\n","protected":false},"author":1,"featured_media":0,"parent":0,"menu_order":0,"comment_status":"closed","ping_status":"closed","template":"","meta":{"_et_pb_use_builder":"on","_et_pb_old_content":"","_et_gb_content_width":"","footnotes":""},"class_list":["post-984","page","type-page","status-publish","hentry"],"_links":{"self":[{"href":"https:\/\/fsec.ch\/de\/wp-json\/wp\/v2\/pages\/984","targetHints":{"allow":["GET"]}}],"collection":[{"href":"https:\/\/fsec.ch\/de\/wp-json\/wp\/v2\/pages"}],"about":[{"href":"https:\/\/fsec.ch\/de\/wp-json\/wp\/v2\/types\/page"}],"author":[{"embeddable":true,"href":"https:\/\/fsec.ch\/de\/wp-json\/wp\/v2\/users\/1"}],"replies":[{"embeddable":true,"href":"https:\/\/fsec.ch\/de\/wp-json\/wp\/v2\/comments?post=984"}],"version-history":[{"count":20,"href":"https:\/\/fsec.ch\/de\/wp-json\/wp\/v2\/pages\/984\/revisions"}],"predecessor-version":[{"id":1569,"href":"https:\/\/fsec.ch\/de\/wp-json\/wp\/v2\/pages\/984\/revisions\/1569"}],"wp:attachment":[{"href":"https:\/\/fsec.ch\/de\/wp-json\/wp\/v2\/media?parent=984"}],"curies":[{"name":"wp","href":"https:\/\/api.w.org\/{rel}","templated":true}]}}