{"id":996,"date":"2024-08-01T11:14:49","date_gmt":"2024-08-01T11:14:49","guid":{"rendered":"https:\/\/fsec.ch\/website_2024\/unterstuetzung\/"},"modified":"2026-03-04T15:21:00","modified_gmt":"2026-03-04T15:21:00","slug":"unterstuetzung","status":"publish","type":"page","link":"https:\/\/fsec.ch\/de\/unterstuetzung\/","title":{"rendered":"Unterst\u00fctzung"},"content":{"rendered":"<p>[et_pb_section fb_built=&#8220;1&#8243; module_id=&#8220;Unterst\u00fctzung&#8220; _builder_version=&#8220;4.27.0&#8243; _module_preset=&#8220;default&#8220; background_color=&#8220;#DCFF00&#8243; background_enable_image=&#8220;off&#8220; custom_margin=&#8220;||0px||false|false&#8220; custom_padding=&#8220;||0px||false|false&#8220; top_divider_height=&#8220;295px&#8220; top_divider_repeat=&#8220;1x&#8220; top_divider_arrangement=&#8220;above_content&#8220; bottom_divider_style=&#8220;wave&#8220; bottom_divider_color=&#8220;#33D1C5&#8243; bottom_divider_height=&#8220;274px&#8220; global_colors_info=&#8220;{}&#8220;][et_pb_row column_structure=&#8220;1_2,1_2&#8243; _builder_version=&#8220;4.27.0&#8243; _module_preset=&#8220;default&#8220; custom_padding=&#8220;||0px||false|false&#8220; global_colors_info=&#8220;{}&#8220;][et_pb_column type=&#8220;1_2&#8243; _builder_version=&#8220;4.27.0&#8243; _module_preset=&#8220;default&#8220; global_colors_info=&#8220;{}&#8220;][et_pb_text _builder_version=&#8220;4.27.0&#8243; _module_preset=&#8220;default&#8220; header_2_font_size=&#8220;70px&#8220; scroll_vertical_motion_enable=&#8220;on&#8220; scroll_vertical_motion=&#8220;0|50|50|100|1|0.5|-0.2&#8243; header_2_font_size_tablet=&#8220;50px&#8220; header_2_font_size_phone=&#8220;40px&#8220; header_2_font_size_last_edited=&#8220;on|tablet&#8220; global_colors_info=&#8220;{}&#8220;]<\/p>\n<h2>Finanzielle Unterst\u00fctzung<\/h2>\n<p>[\/et_pb_text][\/et_pb_column][et_pb_column type=&#8220;1_2&#8243; _builder_version=&#8220;4.27.0&#8243; _module_preset=&#8220;default&#8220; global_colors_info=&#8220;{}&#8220;][\/et_pb_column][\/et_pb_row][et_pb_row column_structure=&#8220;1_2,1_2&#8243; _builder_version=&#8220;4.27.0&#8243; _module_preset=&#8220;default&#8220; z_index=&#8220;500&#8243; width_tablet=&#8220;80%&#8220; width_phone=&#8220;80%&#8220; width_last_edited=&#8220;on|tablet&#8220; custom_margin=&#8220;|||10vw|false|false&#8220; global_colors_info=&#8220;{}&#8220;][et_pb_column type=&#8220;1_2&#8243; _builder_version=&#8220;4.27.0&#8243; _module_preset=&#8220;default&#8220; global_colors_info=&#8220;{}&#8220;][et_pb_text _builder_version=&#8220;4.27.0&#8243; _module_preset=&#8220;default&#8220; text_font=&#8220;|700|||||||&#8220; global_colors_info=&#8220;{}&#8220;]<\/p>\n<p><strong>Der VSZS unterst\u00fctzt Weiterbildungsangebote im Bereich Pr\u00e4vention, Sicherheit und ermittelt daf\u00fcr im Rahmen seiner finanziellen M\u00f6glichkeiten einen j\u00e4hrlichen Betrag. Verbandsmitglieder, die ein Angebot planen, k\u00f6nnen einen Antrag auf Unterst\u00fctzung stellen. <\/strong><\/p>\n<p>[\/et_pb_text][et_pb_text _builder_version=&#8220;4.27.0&#8243; _module_preset=&#8220;default&#8220; global_colors_info=&#8220;{}&#8220;]<\/p>\n<p>Verschiedene Unterst\u00fctzungsm\u00f6glichkeiten :<\/p>\n<p>[\/et_pb_text][\/et_pb_column][et_pb_column type=&#8220;1_2&#8243; _builder_version=&#8220;4.27.0&#8243; _module_preset=&#8220;default&#8220; global_colors_info=&#8220;{}&#8220;][et_pb_button button_url=&#8220;#demande&#8220; button_text=&#8220;Eine Unterst\u00fctzung beantragen&#8220; _builder_version=&#8220;4.27.0&#8243; _module_preset=&#8220;default&#8220; global_colors_info=&#8220;{}&#8220;][\/et_pb_button][\/et_pb_column][\/et_pb_row][et_pb_row column_structure=&#8220;1_4,1_4,1_4,1_4&#8243; use_custom_gutter=&#8220;on&#8220; gutter_width=&#8220;2&#8243; _builder_version=&#8220;4.27.0&#8243; _module_preset=&#8220;default&#8220; z_index=&#8220;500&#8243; width_tablet=&#8220;80%&#8220; width_phone=&#8220;80%&#8220; width_last_edited=&#8220;on|tablet&#8220; custom_margin=&#8220;|||10vw|false|false&#8220; global_colors_info=&#8220;{}&#8220;][et_pb_column type=&#8220;1_4&#8243; _builder_version=&#8220;4.27.0&#8243; _module_preset=&#8220;default&#8220; global_colors_info=&#8220;{}&#8220;][et_pb_text _builder_version=&#8220;4.27.0&#8243; _module_preset=&#8220;default&#8220; text_font_size=&#8220;14px&#8220; text_line_height=&#8220;1.4em&#8220; header_2_font=&#8220;|700|||||||&#8220; header_3_font=&#8220;&#8211;et_global_heading_font|800|||||||&#8220; header_3_font_size=&#8220;25px&#8220; header_3_line_height=&#8220;1.2em&#8220; background_color=&#8220;#FFFFFF&#8220; min_height=&#8220;12em&#8220; custom_padding=&#8220;15px|13px|15px|18px|false|false&#8220; animation_style=&#8220;slide&#8220; animation_direction=&#8220;bottom&#8220; animation_intensity_slide=&#8220;6%&#8220; animation_speed_curve=&#8220;ease-out&#8220; border_radii=&#8220;on|20px|20px|20px|20px&#8220; border_width_all=&#8220;4px&#8220; border_color_all=&#8220;#000000&#8243; global_colors_info=&#8220;{}&#8220;]<\/p>\n<div class=\"page\" title=\"Seite 1\">\n<div class=\"layoutArea\">\n<div class=\"column\">\n<h3>Unterst\u00fctzung von Weiterbildungen<\/h3>\n<p><span><strong>10<\/strong> Mitglieder k\u00f6nnen von einer Unterst\u00fctzung von CHF 250.- f\u00fcr die Durchf\u00fchrung von Weiterbildungs-\/Sensibilisierungskursen wie ESPAS, Samariter, Rigging. <\/span><\/p>\n<\/div>\n<\/div>\n<\/div>\n<p>[\/et_pb_text][\/et_pb_column][et_pb_column type=&#8220;1_4&#8243; _builder_version=&#8220;4.27.0&#8243; _module_preset=&#8220;default&#8220; global_colors_info=&#8220;{}&#8220;][et_pb_text _builder_version=&#8220;4.27.0&#8243; _module_preset=&#8220;default&#8220; text_font_size=&#8220;14px&#8220; text_line_height=&#8220;1.4em&#8220; header_2_font=&#8220;|700|||||||&#8220; header_3_font=&#8220;&#8211;et_global_heading_font|800|||||||&#8220; header_3_font_size=&#8220;25px&#8220; header_3_line_height=&#8220;1.2em&#8220; background_color=&#8220;#FFFFFF&#8220; min_height=&#8220;12em&#8220; custom_padding=&#8220;15px|13px|15px|18px|false|false&#8220; animation_style=&#8220;slide&#8220; animation_direction=&#8220;bottom&#8220; animation_intensity_slide=&#8220;6%&#8220; animation_speed_curve=&#8220;ease-out&#8220; border_radii=&#8220;on|20px|20px|20px|20px&#8220; border_width_all=&#8220;4px&#8220; border_color_all=&#8220;#000000&#8243; global_colors_info=&#8220;{}&#8220;]<\/p>\n<h3>Unterst\u00fctzung bei Veranstaltungen<\/h3>\n<p><span><strong>4<\/strong> Mitglieder k\u00f6nnen einen Unterst\u00fctzungsbeitrag von 500 CHF erhalten, wenn sie ein Festival \/ ein Get-Together veranstalten. <\/span><\/p>\n<p>[\/et_pb_text][\/et_pb_column][et_pb_column type=&#8220;1_4&#8243; _builder_version=&#8220;4.27.0&#8243; _module_preset=&#8220;default&#8220; global_colors_info=&#8220;{}&#8220;][et_pb_text _builder_version=&#8220;4.27.0&#8243; _module_preset=&#8220;default&#8220; text_font_size=&#8220;14px&#8220; text_line_height=&#8220;1.4em&#8220; header_2_font=&#8220;|700|||||||&#8220; header_3_font=&#8220;&#8211;et_global_heading_font|800|||||||&#8220; header_3_font_size=&#8220;25px&#8220; header_3_line_height=&#8220;1.2em&#8220; background_color=&#8220;#FFFFFF&#8220; min_height=&#8220;12em&#8220; custom_padding=&#8220;15px|13px|15px|18px|false|false&#8220; animation_style=&#8220;slide&#8220; animation_direction=&#8220;bottom&#8220; animation_intensity_slide=&#8220;6%&#8220; animation_speed_curve=&#8220;ease-out&#8220; border_radii=&#8220;on|20px|20px|20px|20px&#8220; border_width_all=&#8220;4px&#8220; border_color_all=&#8220;#000000&#8243; global_colors_info=&#8220;{}&#8220;]<\/p>\n<h3>Unterst\u00fctzung der Weiterbildung<\/h3>\n<p><span><strong>5<\/strong> Mitglieder k\u00f6nnen von einer Unterst\u00fctzung von CHF 100.- um ihre Trainerinnen und Trainer zu einer Weiterbildungskurs (von einer anderen Organisation veranstalteten Kurs). <\/span><\/p>\n<p>[\/et_pb_text][\/et_pb_column][et_pb_column type=&#8220;1_4&#8243; _builder_version=&#8220;4.27.0&#8243; _module_preset=&#8220;default&#8220; global_colors_info=&#8220;{}&#8220;][et_pb_text _builder_version=&#8220;4.27.0&#8243; _module_preset=&#8220;default&#8220; text_text_color=&#8220;#FFFFFF&#8220; text_font_size=&#8220;14px&#8220; text_line_height=&#8220;1.4em&#8220; header_text_color=&#8220;#FFFFFF&#8220; header_2_font=&#8220;|700|||||||&#8220; header_2_text_color=&#8220;#FFFFFF&#8220; header_3_font=&#8220;&#8211;et_global_heading_font|800|||||||&#8220; header_3_text_color=&#8220;#FFFFFF&#8220; header_3_font_size=&#8220;25px&#8220; header_3_line_height=&#8220;1.2em&#8220; background_color=&#8220;#000000&#8243; min_height=&#8220;12em&#8220; custom_padding=&#8220;15px|13px|15px|18px|false|false&#8220; animation_style=&#8220;slide&#8220; animation_direction=&#8220;bottom&#8220; animation_intensity_slide=&#8220;6%&#8220; animation_speed_curve=&#8220;ease-out&#8220; hover_enabled=&#8220;0&#8243; border_radii=&#8220;on|20px|20px|20px|20px&#8220; border_width_all=&#8220;4px&#8220; border_color_all=&#8220;#000000&#8243; locked=&#8220;off&#8220; global_colors_info=&#8220;{}&#8220; sticky_enabled=&#8220;0&#8243;]<\/p>\n<h3><span>Coaching<\/span><\/h3>\n<p><span>Praktische Hilfe kann von der VSZS gegeben, wenn ein Mitglied einen Kurs \/ ein Event organisiert (z.B.: Suche nach ReferentInnen, Organisationen, Orten; f\u00fcr die Ver\u00f6ffentlichung des Kurses und evtl. das Mieten von speziellem Material).<\/span><\/p>\n<p>[\/et_pb_text][\/et_pb_column][\/et_pb_row][\/et_pb_section][et_pb_section fb_built=&#8220;1&#8243; module_id=&#8220;Anfrage&#8220; _builder_version=&#8220;4.27.0&#8243; _module_preset=&#8220;default&#8220; background_color=&#8220;#33D1C5&#8243; custom_padding=&#8220;0px||0px||false|false&#8220; global_colors_info=&#8220;{}&#8220;][et_pb_row column_structure=&#8220;1_2,1_2&#8243; _builder_version=&#8220;4.27.0&#8243; _module_preset=&#8220;default&#8220; custom_padding=&#8220;||0px||false|false&#8220; global_colors_info=&#8220;{}&#8220;][et_pb_column type=&#8220;1_2&#8243; _builder_version=&#8220;4.27.0&#8243; _module_preset=&#8220;default&#8220; global_colors_info=&#8220;{}&#8220;][et_pb_text _builder_version=&#8220;4.27.0&#8243; _module_preset=&#8220;default&#8220; global_colors_info=&#8220;{}&#8220;]<\/p>\n<h1>Unterst\u00fctzungsantrag<\/h1>\n<p>[\/et_pb_text][\/et_pb_column][et_pb_column type=&#8220;1_2&#8243; _builder_version=&#8220;4.27.0&#8243; _module_preset=&#8220;default&#8220; global_colors_info=&#8220;{}&#8220;][\/et_pb_column][\/et_pb_row][et_pb_row column_structure=&#8220;1_2,1_2&#8243; _builder_version=&#8220;4.27.0&#8243; _module_preset=&#8220;default&#8220; custom_padding=&#8220;||0px||false|false&#8220; global_colors_info=&#8220;{}&#8220;][et_pb_column type=&#8220;1_2&#8243; _builder_version=&#8220;4.27.0&#8243; _module_preset=&#8220;default&#8220; global_colors_info=&#8220;{}&#8220;][et_pb_text _builder_version=&#8220;4.27.0&#8243; _module_preset=&#8220;default&#8220; header_4_font_size=&#8220;25px&#8220; global_colors_info=&#8220;{}&#8220;]<\/p>\n<div class=\"page\" title=\"Seite 1\">\n<div class=\"layoutArea\">\n<div class=\"column\">\n<h4 class=\"p1\">Einleitung f\u00fcr Unterst\u00fctzungsantr\u00e4ge<\/h4>\n<p><span>Mitglieder m\u00fcssen einen schriftlichen Antrag stellen , um f\u00f6rderf\u00e4hig zu sein : <\/span><span>Nach der Einreichung des Antrags wird eine Best\u00e4tigung verschickt. <\/span> <\/p>\n<p><span>Die Antr\u00e4ge werden vom Vorstand gepr\u00fcft, dann werden die Subventionen vergeben in chronologischer Reihenfolge des Eingangs.<\/span><\/p>\n<p><span>Das im Laufe des Jahres nicht verteilte Geld wird dem Budget des n\u00e4chsten Jahres nach Kategorien hinzugef\u00fcgt.<\/span><\/p>\n<\/div>\n<\/div>\n<\/div>\n<p>[\/et_pb_text][\/et_pb_column][et_pb_column type=&#8220;1_2&#8243; _builder_version=&#8220;4.27.0&#8243; _module_preset=&#8220;default&#8220; global_colors_info=&#8220;{}&#8220;][et_pb_text _builder_version=&#8220;4.27.0&#8243; _module_preset=&#8220;default&#8220; header_4_font_size=&#8220;25px&#8220; global_colors_info=&#8220;{}&#8220;]<\/p>\n<h4>Zu \u00fcbertragende Unterlagen<\/h4>\n<ul>\n<li class=\"p1\">Projektbeschreibung<\/li>\n<li class=\"p1\">Budget<\/li>\n<li class=\"p1\">Statuten der Schule \/ Kinderzirkus (beim ersten Antrag)<\/li>\n<\/ul>\n<p>[\/et_pb_text][\/et_pb_column][\/et_pb_row][\/et_pb_section][et_pb_section fb_built=&#8220;1&#8243; use_custom_gutter=&#8220;on&#8220; gutter_width=&#8220;2&#8243; specialty=&#8220;on&#8220; next_background_color=&#8220;#000000&#8243; _builder_version=&#8220;4.27.0&#8243; _module_preset=&#8220;default&#8220; background_color=&#8220;#33D1C5&#8243; custom_padding=&#8220;0px||||false|false&#8220; bottom_divider_style=&#8220;wave&#8220; global_colors_info=&#8220;{}&#8220;][et_pb_column type=&#8220;1_2&#8243; _builder_version=&#8220;4.16&#8243; custom_padding=&#8220;|||&#8220; global_colors_info=&#8220;{}&#8220; custom_padding__hover=&#8220;|||&#8220;][wpforms_selector form_id=&#8220;527&#8243; _builder_version=&#8220;4.27.0&#8243; _module_preset=&#8220;default&#8220; custom_margin=&#8220;0px||||false|false&#8220; custom_padding=&#8220;0px||||false|false&#8220; custom_css_free_form=&#8220;div.wpforms-container-full input%91type=text%93 {||    background-color: #fff;||    background-clip: padding-box;||    border-radius: 20px;||    color: var(&#8211;wpforms-field-text-color);||    border-width: var(&#8211;wpforms-field-border-size);||    border-style: var(&#8211;wpforms-field-border-style);||    border-color: #000;||    padding: 0 var(&#8211;wpforms-field-size-padding-h);||    font-size: var(&#8211;wpforms-field-size-font-size);||    line-height: 100%;||    box-shadow: none;|| transition: border 0.15s, box-shadow 0.15s;||}&#8220; global_colors_info=&#8220;{}&#8220;][\/wpforms_selector][\/et_pb_column][et_pb_column type=&#8220;1_2&#8243; specialty_columns=&#8220;2&#8243; _builder_version=&#8220;4.16&#8243; custom_padding=&#8220;|||&#8220; global_colors_info=&#8220;{}&#8220; custom_padding__hover=&#8220;|||&#8220;][\/et_pb_column][\/et_pb_section]<\/p>\n","protected":false},"excerpt":{"rendered":"<p>Finanzielle Unterst\u00fctzungDer VSZS unterst\u00fctzt Weiterbildungsangebote im Bereich Pr\u00e4vention, Sicherheit und ermittelt daf\u00fcr im Rahmen seiner finanziellen M\u00f6glichkeiten einen j\u00e4hrlichen Betrag. Verbandsmitglieder, die ein Angebot planen, k\u00f6nnen einen Antrag auf Unterst\u00fctzung stellen. Verschiedene Unterst\u00fctzungsm\u00f6glichkeiten : Unterst\u00fctzung von Weiterbildungen 10 Mitglieder k\u00f6nnen von einer Unterst\u00fctzung von CHF 250.- f\u00fcr die Durchf\u00fchrung von Weiterbildungs-\/Sensibilisierungskursen wie ESPAS, Samariter, Rigging. [&hellip;]<\/p>\n","protected":false},"author":1,"featured_media":0,"parent":0,"menu_order":0,"comment_status":"closed","ping_status":"closed","template":"","meta":{"_et_pb_use_builder":"on","_et_pb_old_content":"","_et_gb_content_width":"","footnotes":""},"class_list":["post-996","page","type-page","status-publish","hentry"],"_links":{"self":[{"href":"https:\/\/fsec.ch\/de\/wp-json\/wp\/v2\/pages\/996","targetHints":{"allow":["GET"]}}],"collection":[{"href":"https:\/\/fsec.ch\/de\/wp-json\/wp\/v2\/pages"}],"about":[{"href":"https:\/\/fsec.ch\/de\/wp-json\/wp\/v2\/types\/page"}],"author":[{"embeddable":true,"href":"https:\/\/fsec.ch\/de\/wp-json\/wp\/v2\/users\/1"}],"replies":[{"embeddable":true,"href":"https:\/\/fsec.ch\/de\/wp-json\/wp\/v2\/comments?post=996"}],"version-history":[{"count":8,"href":"https:\/\/fsec.ch\/de\/wp-json\/wp\/v2\/pages\/996\/revisions"}],"predecessor-version":[{"id":1768,"href":"https:\/\/fsec.ch\/de\/wp-json\/wp\/v2\/pages\/996\/revisions\/1768"}],"wp:attachment":[{"href":"https:\/\/fsec.ch\/de\/wp-json\/wp\/v2\/media?parent=996"}],"curies":[{"name":"wp","href":"https:\/\/api.w.org\/{rel}","templated":true}]}}