{"id":1019,"date":"2024-09-05T12:05:14","date_gmt":"2024-09-05T12:05:14","guid":{"rendered":"https:\/\/fsec.ch\/website_2024\/etica-e-prevenzione\/"},"modified":"2024-12-18T11:58:32","modified_gmt":"2024-12-18T11:58:32","slug":"etica-e-prevenzione","status":"publish","type":"page","link":"https:\/\/fsec.ch\/it\/etica-e-prevenzione\/","title":{"rendered":"Etica e prevenzione"},"content":{"rendered":"<p>[et_pb_section fb_built=&#8221;1&#8243; _builder_version=&#8221;4.27.0&#8243; _module_preset=&#8221;default&#8221; background_color=&#8221;#FFFFFF&#8221; background_enable_image=&#8221;off&#8221; background_position=&#8221;top_center&#8221; custom_padding=&#8221;||||false|false&#8221; bottom_divider_color=&#8221;#000000&#8243; bottom_divider_height=&#8221;145px&#8221; background_last_edited=&#8221;on|desktop&#8221; background_size_tablet=&#8221;initial&#8221; global_colors_info=&#8221;{}&#8221;][et_pb_row column_structure=&#8221;2_3,1_3&#8243; _builder_version=&#8221;4.27.0&#8243; _module_preset=&#8221;default&#8221; height_tablet=&#8221;50vh&#8221; height_phone=&#8221;55vh&#8221; height_last_edited=&#8221;on|phone&#8221; max_height_tablet=&#8221;120vh&#8221; max_height_phone=&#8221;&#8221; max_height_last_edited=&#8221;on|phone&#8221; custom_padding=&#8221;||0px||false|false&#8221; global_colors_info=&#8221;{}&#8221;][et_pb_column type=&#8221;2_3&#8243; _builder_version=&#8221;4.27.0&#8243; _module_preset=&#8221;default&#8221; global_colors_info=&#8221;{}&#8221;][et_pb_text _builder_version=&#8221;4.27.0&#8243; _module_preset=&#8221;default&#8221; header_font=&#8221;&#8211;et_global_heading_font|800|||||||&#8221; header_font_size=&#8221;65px&#8221; header_2_font_size=&#8221;70px&#8221; custom_margin=&#8221;||||false|false&#8221; custom_padding=&#8221;||||false|false&#8221; header_font_size_tablet=&#8221;50px&#8221; header_font_size_phone=&#8221;40px&#8221; header_font_size_last_edited=&#8221;on|phone&#8221; header_2_font_size_tablet=&#8221;50px&#8221; header_2_font_size_phone=&#8221;40px&#8221; header_2_font_size_last_edited=&#8221;on|phone&#8221; global_colors_info=&#8221;{}&#8221;]<\/p>\n<h1 class=\"p1\">Etica e prevenzione<\/h1>\n<p>[\/et_pb_text][\/et_pb_column][et_pb_column type=&#8221;1_3&#8243; _builder_version=&#8221;4.27.0&#8243; _module_preset=&#8221;default&#8221; global_colors_info=&#8221;{}&#8221;][et_pb_text _builder_version=&#8221;4.27.0&#8243; _module_preset=&#8221;default&#8221; text_font_size=&#8221;13px&#8221; header_3_font_size=&#8221;17px&#8221; header_3_line_height=&#8221;2.2em&#8221; header_4_font_size=&#8221;17px&#8221; custom_margin=&#8221;10px||||false|false&#8221; custom_padding=&#8221;0px||0px|20px|false|false&#8221; border_color_all=&#8221;#000000&#8243; border_width_left=&#8221;4px&#8221; global_colors_info=&#8221;{}&#8221;]<\/p>\n<h3 class=\"p1\">Documentazione Swiss Olympic<\/h3>\n<p class=\"p1\"><a href=\"https:\/\/www.swissolympic.ch\/fr\/federations\/valeurs-ethique\/charte-ethique\" target=\"_blank\" rel=\"noopener\"><a href=\"https:\/\/www.swissolympic.ch\/fr\/federations\/valeurs-ethique\/charte-ethique\">Carta etica dello sport (francese o tedesco)<\/a><\/a><\/p>\n<p class=\"p1\"><a href=\"https:\/\/www.swissolympic.ch\/fr\/dam\/jcr:94eb7c7b-5e2d-45b0-8d82-e59edd36fd2e\/SO_Interventionsschema_sexuelle%20Ubergriffe_A4_FR.pdf\" target=\"_blank\" rel=\"noopener\"><a href=\"https:\/\/www.swissolympic.ch\/fr\/dam\/jcr:94eb7c7b-5e2d-45b0-8d82-e59edd36fd2e\/SO_Interventionsschema_sexuelle%20Ubergriffe_A4_FR.pdf\">Piano di intervento (francese o tedesco)<\/a><\/a><\/p>\n<p class=\"p1\"><a href=\"https:\/\/www.swissolympic.ch\/fr\/federations\/valeurs-ethique\/ethik-statut\" target=\"_blank\" rel=\"noopener\"><a href=\"https:\/\/www.swissolympic.ch\/fr\/federations\/valeurs-ethique\/ethik-statut\">Statuti etici<\/a><\/a><\/p>\n<p><a href=\"https:\/\/www.swissolympic.ch\/fr\/federations\/valeurs-ethique\/controle-ethique\" target=\"_blank\" rel=\"noopener\"><a href=\"https:\/\/www.swissolympic.ch\/fr\/federations\/valeurs-ethique\/controle-ethique\">Controllo: etica nella vostra federazione o club<\/a><\/a><\/p>\n<p>[\/et_pb_text][\/et_pb_column][\/et_pb_row][et_pb_row column_structure=&#8221;1_3,1_3,1_3&#8243; _builder_version=&#8221;4.27.0&#8243; _module_preset=&#8221;default&#8221; height_tablet=&#8221;50vh&#8221; height_phone=&#8221;55vh&#8221; height_last_edited=&#8221;on|phone&#8221; max_height_tablet=&#8221;120vh&#8221; max_height_phone=&#8221;&#8221; max_height_last_edited=&#8221;on|phone&#8221; custom_padding=&#8221;||0px||false|false&#8221; global_colors_info=&#8221;{}&#8221;][et_pb_column type=&#8221;1_3&#8243; _builder_version=&#8221;4.27.0&#8243; _module_preset=&#8221;default&#8221; global_colors_info=&#8221;{}&#8221;][et_pb_text _builder_version=&#8221;4.27.0&#8243; _module_preset=&#8221;default&#8221; text_font=&#8221;|700|||||||&#8221; global_colors_info=&#8221;{}&#8221;]<\/p>\n<p class=\"p1\"><b>Come associazione professionale delle scuole di circo dobbiamo rispettare un certo numero principi che mirano allo sviluppo armonioso dei nostri studenti e promuovono buone relazioni con i loro insegnanti.<\/b><\/p>\n<p class=\"p2\">[\/et_pb_text][et_pb_button button_url=&#8221;@ET-DC@eyJkeW5hbWljIjp0cnVlLCJjb250ZW50IjoicG9zdF9saW5rX3VybF9hdHRhY2htZW50Iiwic2V0dGluZ3MiOnsicG9zdF9pZCI6IjY5NyJ9fQ==@&#8221; button_text=&#8221;Come posso segnalare un abuso?&#8221; _builder_version=&#8221;4.27.0&#8243; _dynamic_attributes=&#8221;button_url&#8221; _module_preset=&#8221;default&#8221; hover_enabled=&#8221;0&#8243; global_colors_info=&#8221;{}&#8221; url_new_window=&#8221;on&#8221; sticky_enabled=&#8221;0&#8243;][\/et_pb_button][\/et_pb_column][et_pb_column type=&#8221;1_3&#8243; _builder_version=&#8221;4.27.0&#8243; _module_preset=&#8221;default&#8221; global_colors_info=&#8221;{}&#8221;][et_pb_text _builder_version=&#8221;4.27.0&#8243; _module_preset=&#8221;default&#8221; text_font=&#8221;||||||||&#8221; text_font_size=&#8221;14px&#8221; max_width=&#8221;35em&#8221; custom_margin=&#8221;||||false|false&#8221; global_colors_info=&#8221;{}&#8221;]<\/p>\n<p class=\"p1\">L\u2019integrit\u00e0 della persona umana si fonda sul diritto di ogni individuo al rispetto del proprio corpo. La nostra legge si \u00e8 sempre occupata della protezione del corpo. La protezione della personalit\u00e0 comprende tutti i valori essenziali \u2014 fisici, emotivi e sociali \u2014 che definiscono la persona nelle sue diverse dimensioni umane.  <\/p>\n<ul>\n<li class=\"p3\">Vita e integrit\u00e0 fisica.<\/li>\n<li class=\"p3\">Salute fisica e mentale<\/li>\n<li class=\"p3\">Integrit\u00e0 morale e reputazione sociale<\/li>\n<li class=\"p3\">L&#8217; esercizio delle libert\u00e0 individuali e della privacy<\/li>\n<\/ul>\n<p class=\"p1\">Nell\u2019ambito delle nostre attivit\u00e0, \u00e8 fondamentale essere particolarmente attenti a questi abusi, che sono perseguiti penalmente. Non denunciarli equivale a complicit\u00e0. <\/p>\n<p class=\"p1\">In caso di sospetto di su una violazione dell\u2019integrit\u00e0, SwissOlympic ha elaborato un Piano di intervento specifico per affrontare tali situazioni. Il documento fornisce indicazione su spiega come evitare di commettere errori e su come affrontare con seriet\u00e0 le richieste di intervento. <\/p>\n<p>[\/et_pb_text][\/et_pb_column][et_pb_column type=&#8221;1_3&#8243; _builder_version=&#8221;4.27.0&#8243; _module_preset=&#8221;default&#8221; global_colors_info=&#8221;{}&#8221;][et_pb_image src=&#8221;https:\/\/fsec.ch\/\/wp-content\/uploads\/2024\/07\/swiss_olympic_member_small.png&#8221; title_text=&#8221;swiss_olympic_member_small&#8221; url=&#8221;https:\/\/www.swissolympic.ch\/&#8221; url_new_window=&#8221;on&#8221; _builder_version=&#8221;4.27.0&#8243; _module_preset=&#8221;default&#8221; width=&#8221;250px&#8221; custom_margin=&#8221;30px||||false|false&#8221; global_colors_info=&#8221;{}&#8221;][\/et_pb_image][et_pb_text _builder_version=&#8221;4.27.0&#8243; _module_preset=&#8221;default&#8221; text_text_color=&#8221;#FF5151&#8243; link_option_url=&#8221;https:\/\/www.swissolympic.ch\/fr\/federations\/valeurs-ethique&#8221; link_option_url_new_window=&#8221;on&#8221; global_colors_info=&#8221;{}&#8221;]<\/p>\n<p class=\"p1\">Per saperne di pi\u00f9 sull&#8217; etica nello sport&#8230;<\/p>\n<p>[\/et_pb_text][\/et_pb_column][\/et_pb_row][et_pb_row module_id=&#8221;swiss_olympic_tab&#8221; _builder_version=&#8221;4.27.0&#8243; _module_preset=&#8221;default&#8221; positioning=&#8221;fixed&#8221; position_origin_a=&#8221;bottom_right&#8221; position_origin_f=&#8221;bottom_left&#8221; z_index=&#8221;500&#8243; width=&#8221;400px&#8221; max_width=&#8221;400px&#8221; custom_margin=&#8221;||-192px|50px|false|false&#8221; custom_padding=&#8221;0px|0px|0px|0px|false|false&#8221; custom_css_free_form=&#8221;#swiss_olympic_tab:hover {||  transform: translateY(-220px);||  transition: all ease 1s;||}&#8221; global_colors_info=&#8221;{}&#8221;][et_pb_column type=&#8221;4_4&#8243; _builder_version=&#8221;4.27.0&#8243; _module_preset=&#8221;default&#8221; global_colors_info=&#8221;{}&#8221;][\/et_pb_column][\/et_pb_row][\/et_pb_section][et_pb_section fb_built=&#8221;1&#8243; fullwidth=&#8221;on&#8221; _builder_version=&#8221;4.27.0&#8243; _module_preset=&#8221;default&#8221; background_color=&#8221;#FFFFFF&#8221; background_enable_image=&#8221;off&#8221; custom_margin=&#8221;-100px||||false|false&#8221; custom_padding=&#8221;||||false|false&#8221; custom_css_main_element=&#8221;background-attachment:fixed;&#8221; global_colors_info=&#8221;{}&#8221;][et_pb_fullwidth_image src=&#8221;https:\/\/fsec.ch\/\/wp-content\/uploads\/2024\/07\/shape_yellow_big_top_01-1.png&#8221; title_text=&#8221;shape_yellow_big_top_01&#8243; _builder_version=&#8221;4.27.0&#8243; _module_preset=&#8221;default&#8221; z_index=&#8221;499&#8243; custom_margin=&#8221;||||false|false&#8221; global_colors_info=&#8221;{}&#8221;][\/et_pb_fullwidth_image][\/et_pb_section][et_pb_section fb_built=&#8221;1&#8243; _builder_version=&#8221;4.27.0&#8243; _module_preset=&#8221;default&#8221; background_color=&#8221;#dcff00&#8243; custom_padding=&#8221;||250px||false|false&#8221; top_divider_height=&#8221;350px&#8221; top_divider_repeat=&#8221;1x&#8221; bottom_divider_style=&#8221;wave&#8221; bottom_divider_color=&#8221;#000000&#8243; bottom_divider_height=&#8221;245px&#8221; bottom_divider_flip=&#8221;horizontal&#8221; global_colors_info=&#8221;{}&#8221;][et_pb_row _builder_version=&#8221;4.27.0&#8243; _module_preset=&#8221;default&#8221; global_colors_info=&#8221;{}&#8221;][et_pb_column type=&#8221;4_4&#8243; _builder_version=&#8221;4.27.0&#8243; _module_preset=&#8221;default&#8221; global_colors_info=&#8221;{}&#8221;][et_pb_text _builder_version=&#8221;4.27.0&#8243; _module_preset=&#8221;default&#8221; custom_margin=&#8221;||||false|false&#8221; scroll_horizontal_motion_enable=&#8221;on&#8221; scroll_horizontal_motion=&#8221;0|50|50|100|2|0|-2&#8243; global_colors_info=&#8221;{}&#8221;]<\/p>\n<h2 style=\"text-align: center;\">Avete una domanda ?<\/h2>\n<p>[\/et_pb_text][\/et_pb_column][\/et_pb_row][et_pb_row column_structure=&#8221;1_2,1_2&#8243; _builder_version=&#8221;4.27.0&#8243; _module_preset=&#8221;default&#8221; custom_margin=&#8221;||||false|false&#8221; custom_padding=&#8221;0px||||false|false&#8221; global_colors_info=&#8221;{}&#8221;][et_pb_column type=&#8221;1_2&#8243; _builder_version=&#8221;4.27.0&#8243; _module_preset=&#8221;default&#8221; global_colors_info=&#8221;{}&#8221;][et_pb_text _builder_version=&#8221;4.27.0&#8243; _module_preset=&#8221;default&#8221; text_font_size=&#8221;26px&#8221; text_line_height=&#8221;1.4em&#8221; global_colors_info=&#8221;{}&#8221;]<\/p>\n<p class=\"p1\"><b>Siamo qui per aiutarvi e per discutere con voi. Se avete domande, dubbi o semplicemente volete saperne di pi\u00f9 sulla Federazione Svizzera delle Scuole di Circo, non esitate a contattarci! <\/b><\/p>\n<p>[\/et_pb_text][\/et_pb_column][et_pb_column type=&#8221;1_2&#8243; _builder_version=&#8221;4.27.0&#8243; _module_preset=&#8221;default&#8221; global_colors_info=&#8221;{}&#8221;][et_pb_button button_url=&#8221;@ET-DC@eyJkeW5hbWljIjp0cnVlLCJjb250ZW50IjoicG9zdF9saW5rX3VybF9wYWdlIiwic2V0dGluZ3MiOnsicG9zdF9pZCI6IjYyNCJ9fQ==@&#8221; button_text=&#8221;Contattateci !&#8221; _builder_version=&#8221;4.27.0&#8243; _dynamic_attributes=&#8221;button_url&#8221; _module_preset=&#8221;default&#8221; global_colors_info=&#8221;{}&#8221;][\/et_pb_button][\/et_pb_column][\/et_pb_row][\/et_pb_section]<\/p>\n","protected":false},"excerpt":{"rendered":"<p>Etica e prevenzioneDocumentazione Swiss Olympic Carta etica dello sport (francese o tedesco) Piano di intervento (francese o tedesco) Statuti etici Controllo: etica nella vostra federazione o clubCome associazione professionale delle scuole di circo dobbiamo rispettare un certo numero principi che mirano allo sviluppo armonioso dei nostri studenti e promuovono buone relazioni con i loro insegnanti. [&hellip;]<\/p>\n","protected":false},"author":1,"featured_media":0,"parent":0,"menu_order":0,"comment_status":"closed","ping_status":"closed","template":"","meta":{"_et_pb_use_builder":"on","_et_pb_old_content":"","_et_gb_content_width":"","footnotes":""},"class_list":["post-1019","page","type-page","status-publish","hentry"],"_links":{"self":[{"href":"https:\/\/fsec.ch\/it\/wp-json\/wp\/v2\/pages\/1019","targetHints":{"allow":["GET"]}}],"collection":[{"href":"https:\/\/fsec.ch\/it\/wp-json\/wp\/v2\/pages"}],"about":[{"href":"https:\/\/fsec.ch\/it\/wp-json\/wp\/v2\/types\/page"}],"author":[{"embeddable":true,"href":"https:\/\/fsec.ch\/it\/wp-json\/wp\/v2\/users\/1"}],"replies":[{"embeddable":true,"href":"https:\/\/fsec.ch\/it\/wp-json\/wp\/v2\/comments?post=1019"}],"version-history":[{"count":4,"href":"https:\/\/fsec.ch\/it\/wp-json\/wp\/v2\/pages\/1019\/revisions"}],"predecessor-version":[{"id":1296,"href":"https:\/\/fsec.ch\/it\/wp-json\/wp\/v2\/pages\/1019\/revisions\/1296"}],"wp:attachment":[{"href":"https:\/\/fsec.ch\/it\/wp-json\/wp\/v2\/media?parent=1019"}],"curies":[{"name":"wp","href":"https:\/\/api.w.org\/{rel}","templated":true}]}}